{"id":32352,"date":"2020-09-22T17:06:59","date_gmt":"2020-09-22T15:06:59","guid":{"rendered":"https:\/\/shop.letrefle.ch\/?page_id=32352"},"modified":"2024-04-26T16:17:12","modified_gmt":"2024-04-26T14:17:12","slug":"accueil-2","status":"publish","type":"page","link":"https:\/\/shop.letrefle.ch\/en\/","title":{"rendered":"Accueil"},"content":{"rendered":"<p>[et_pb_section fb_built=\u00a0\u00bb1&Prime; admin_label=\u00a0\u00bbSection\u00a0\u00bb _builder_version=\u00a0\u00bb4.24.3&Prime; _module_preset=\u00a0\u00bbdefault\u00a0\u00bb background_image=\u00a0\u00bbhttps:\/\/shop.letrefle.ch\/wp-content\/uploads\/2020\/09\/fruits-legumes-accueil.jpg\u00a0\u00bb positioning=\u00a0\u00bbnone\u00a0\u00bb position_origin_a=\u00a0\u00bbcenter_left\u00a0\u00bb custom_padding=\u00a0\u00bb2rem||2rem||true|false\u00a0\u00bb animation_direction=\u00a0\u00bbbottom\u00a0\u00bb global_colors_info=\u00a0\u00bb{}\u00a0\u00bb][et_pb_row _builder_version=\u00a0\u00bb4.16&Prime; _module_preset=\u00a0\u00bbdefault\u00a0\u00bb background_enable_image=\u00a0\u00bboff\u00a0\u00bb custom_padding=\u00a0\u00bb0px||0px||true|true\u00a0\u00bb global_colors_info=\u00a0\u00bb{}\u00a0\u00bb][et_pb_column type=\u00a0\u00bb4_4&Prime; _builder_version=\u00a0\u00bb4.16&Prime; _module_preset=\u00a0\u00bbdefault\u00a0\u00bb global_colors_info=\u00a0\u00bb{}\u00a0\u00bb][et_pb_text _builder_version=\u00a0\u00bb4.16&Prime; _module_preset=\u00a0\u00bbdefault\u00a0\u00bb header_font=\u00a0\u00bb||on||||||\u00a0\u00bb header_text_align=\u00a0\u00bbcenter\u00a0\u00bb header_text_color=\u00a0\u00bb#ffffff\u00a0\u00bb global_colors_info=\u00a0\u00bb{}\u00a0\u00bb]<\/p>\n<h1>Bienvenue<\/h1>\n<p>[\/et_pb_text][\/et_pb_column][\/et_pb_row][et_pb_row column_structure=\u00a0\u00bb1_3,1_3,1_3&Prime; use_custom_gutter=\u00a0\u00bbon\u00a0\u00bb gutter_width=\u00a0\u00bb2&Prime; make_equal=\u00a0\u00bbon\u00a0\u00bb _builder_version=\u00a0\u00bb4.24.3&Prime; _module_preset=\u00a0\u00bbdefault\u00a0\u00bb max_width=\u00a0\u00bb940px\u00a0\u00bb custom_padding=\u00a0\u00bb0px|35px|0px|35px|true|true\u00a0\u00bb global_colors_info=\u00a0\u00bb{}\u00a0\u00bb][et_pb_column type=\u00a0\u00bb1_3&Prime; _builder_version=\u00a0\u00bb4.24.3&Prime; _module_preset=\u00a0\u00bbdefault\u00a0\u00bb background_color=\u00a0\u00bb#ffffff\u00a0\u00bb animation_direction=\u00a0\u00bbbottom\u00a0\u00bb border_radii=\u00a0\u00bbon|20px|20px|20px|20px\u00a0\u00bb global_colors_info=\u00a0\u00bb{}\u00a0\u00bb][et_pb_blurb title=\u00a0\u00bbNotre philosophie\u00a0\u00bb image=\u00a0\u00bbhttps:\/\/shop.letrefle.ch\/wp-content\/uploads\/2020\/10\/accueil-philosophie.png\u00a0\u00bb alt=\u00a0\u00bbNotre philosophie\u00a0\u00bb image_icon_width=\u00a0\u00bb100px\u00a0\u00bb _builder_version=\u00a0\u00bb4.24.3&Prime; _module_preset=\u00a0\u00bbdefault\u00a0\u00bb header_font_size=\u00a0\u00bb14px\u00a0\u00bb background_enable_color=\u00a0\u00bboff\u00a0\u00bb custom_padding=\u00a0\u00bb25px|25px|25px|25px|true|true\u00a0\u00bb animation_direction=\u00a0\u00bbbottom\u00a0\u00bb hover_enabled=\u00a0\u00bb0&Prime; border_radii=\u00a0\u00bbon|8px|8px|8px|8px\u00a0\u00bb image_max_width=\u00a0\u00bb100px\u00a0\u00bb global_colors_info=\u00a0\u00bb{}\u00a0\u00bb animation=\u00a0\u00bboff\u00a0\u00bb sticky_enabled=\u00a0\u00bb0&Prime;]<\/p>\n<p>Soutenir l&rsquo;agriculture durable<\/p>\n<p>\u00catre proche des producteurs locaux<\/p>\n<p>Promouvoir les produits de saison<\/p>\n<p><span style=\"font-size: 12px;\">Limiter le gaspillage alimentaire<\/span><\/p>\n<p>[\/et_pb_blurb][\/et_pb_column][et_pb_column type=\u00a0\u00bb1_3&Prime; _builder_version=\u00a0\u00bb4.24.3&Prime; _module_preset=\u00a0\u00bbdefault\u00a0\u00bb background_color=\u00a0\u00bb#ffffff\u00a0\u00bb animation_direction=\u00a0\u00bbbottom\u00a0\u00bb border_radii=\u00a0\u00bbon|20px|20px|20px|20px\u00a0\u00bb global_colors_info=\u00a0\u00bb{}\u00a0\u00bb][et_pb_blurb title=\u00a0\u00bbNos cabas\u00a0\u00bb image=\u00a0\u00bbhttps:\/\/shop.letrefle.ch\/wp-content\/uploads\/2020\/10\/accueil-cabas.png\u00a0\u00bb alt=\u00a0\u00bbNos cabas de fruits et l\u00e9gumes Bio\u00a0\u00bb image_icon_width=\u00a0\u00bb100px\u00a0\u00bb _builder_version=\u00a0\u00bb4.24.3&Prime; _module_preset=\u00a0\u00bbdefault\u00a0\u00bb header_font_size=\u00a0\u00bb14px\u00a0\u00bb background_enable_color=\u00a0\u00bboff\u00a0\u00bb custom_padding=\u00a0\u00bb25px|25px|25px|25px|true|true\u00a0\u00bb animation_direction=\u00a0\u00bbbottom\u00a0\u00bb hover_enabled=\u00a0\u00bb0&Prime; border_radii=\u00a0\u00bbon|8px|8px|8px|8px\u00a0\u00bb image_max_width=\u00a0\u00bb100px\u00a0\u00bb global_colors_info=\u00a0\u00bb{}\u00a0\u00bb animation=\u00a0\u00bboff\u00a0\u00bb sticky_enabled=\u00a0\u00bb0&Prime;]<\/p>\n<p>Nous vous proposons chaque semaine des cabas compos\u00e9s d&rsquo;une s\u00e9lection de l\u00e9gumes <strong>BIO<\/strong> de saison<\/p>\n<p><strong>Non contractuel <\/strong><\/p>\n<p><strong>Sans engagement<\/strong><\/p>\n<p>[\/et_pb_blurb][\/et_pb_column][et_pb_column type=\u00a0\u00bb1_3&Prime; _builder_version=\u00a0\u00bb4.24.3&Prime; _module_preset=\u00a0\u00bbdefault\u00a0\u00bb background_color=\u00a0\u00bb#ffffff\u00a0\u00bb animation_direction=\u00a0\u00bbbottom\u00a0\u00bb border_radii=\u00a0\u00bbon|20px|20px|20px|20px\u00a0\u00bb global_colors_info=\u00a0\u00bb{}\u00a0\u00bb][et_pb_blurb title=\u00a0\u00bbNos produits\u00a0\u00bb image=\u00a0\u00bbhttps:\/\/shop.letrefle.ch\/wp-content\/uploads\/2020\/10\/accueil-nos-produits.png\u00a0\u00bb alt=\u00a0\u00bbNos produits Bio et locaux\u00a0\u00bb image_icon_width=\u00a0\u00bb100px\u00a0\u00bb _builder_version=\u00a0\u00bb4.24.3&Prime; _module_preset=\u00a0\u00bbdefault\u00a0\u00bb header_font_size=\u00a0\u00bb14px\u00a0\u00bb background_color=\u00a0\u00bbrgba(0,0,0,0)\u00a0\u00bb custom_padding=\u00a0\u00bb25px|25px|25px|25px|true|true\u00a0\u00bb animation_direction=\u00a0\u00bbbottom\u00a0\u00bb hover_enabled=\u00a0\u00bb0&Prime; border_radii=\u00a0\u00bbon|8px|8px|8px|8px\u00a0\u00bb image_max_width=\u00a0\u00bb100px\u00a0\u00bb global_colors_info=\u00a0\u00bb{}\u00a0\u00bb animation=\u00a0\u00bboff\u00a0\u00bb sticky_enabled=\u00a0\u00bb0&Prime;]<\/p>\n<p><span style=\"font-size: 12px;\">L\u00e9gumes de saison <\/span><strong style=\"font-size: 12px;\">BIO<\/strong><\/p>\n<p>Fruits de saison<strong style=\"font-size: 12px;\">\u00a0<strong>BIO<\/strong><\/strong><\/p>\n<p>Farines, Huiles, Oeufs, Miels\u00a0<strong>BIO<\/strong><\/p>\n<p>[\/et_pb_blurb][\/et_pb_column][\/et_pb_row][et_pb_row column_structure=\u00a0\u00bb1_4,3_4&Prime; use_custom_gutter=\u00a0\u00bbon\u00a0\u00bb _builder_version=\u00a0\u00bb4.16&Prime; _module_preset=\u00a0\u00bbdefault\u00a0\u00bb background_color=\u00a0\u00bbrgba(10,3,3,0.9)\u00a0\u00bb z_index=\u00a0\u00bb98&Prime; max_width=\u00a0\u00bb485px\u00a0\u00bb custom_margin=\u00a0\u00bb2rem||||false|false\u00a0\u00bb custom_padding=\u00a0\u00bb2rem|2rem|2rem|2rem|true|true\u00a0\u00bb global_colors_info=\u00a0\u00bb{}\u00a0\u00bb][et_pb_column type=\u00a0\u00bb1_4&Prime; _builder_version=\u00a0\u00bb4.16&Prime; _module_preset=\u00a0\u00bbdefault\u00a0\u00bb global_colors_info=\u00a0\u00bb{}\u00a0\u00bb][et_pb_image src=\u00a0\u00bbhttps:\/\/shop.letrefle.ch\/wp-content\/uploads\/2020\/10\/stephane-hessel.jpg\u00a0\u00bb title_text=\u00a0\u00bbstephane-hessel\u00a0\u00bb _builder_version=\u00a0\u00bb4.16&Prime; _module_preset=\u00a0\u00bbdefault\u00a0\u00bb width=\u00a0\u00bb75px\u00a0\u00bb border_radii=\u00a0\u00bbon|50px|50px|50px|50px\u00a0\u00bb global_colors_info=\u00a0\u00bb{}\u00a0\u00bb][\/et_pb_image][\/et_pb_column][et_pb_column type=\u00a0\u00bb3_4&Prime; _builder_version=\u00a0\u00bb4.16&Prime; _module_preset=\u00a0\u00bbdefault\u00a0\u00bb global_colors_info=\u00a0\u00bb{}\u00a0\u00bb][et_pb_text _builder_version=\u00a0\u00bb4.16&Prime; _module_preset=\u00a0\u00bbdefault\u00a0\u00bb text_text_color=\u00a0\u00bb#fff\u00a0\u00bb global_colors_info=\u00a0\u00bb{}\u00a0\u00bb]<\/p>\n<p>\u00ab Mais si, aujourd\u2019hui comme alors, une minorit\u00e9 active se dresse, cela suffira, nous aurons le levain pour que la p\u00e2te l\u00e8ve \u00bb<\/p>\n<p>\u00a0<strong>St\u00e9phane Hessel\u00a0<\/strong><em>Diplomate et \u00e9crivain<\/em><\/p>\n<p>[\/et_pb_text][\/et_pb_column][\/et_pb_row][\/et_pb_section][et_pb_section fb_built=\u00a0\u00bb1&Prime; admin_label=\u00a0\u00bbSection\u00a0\u00bb _builder_version=\u00a0\u00bb4.24.3&Prime; _module_preset=\u00a0\u00bbdefault\u00a0\u00bb z_index=\u00a0\u00bb179&Prime; animation_direction=\u00a0\u00bbbottom\u00a0\u00bb global_colors_info=\u00a0\u00bb{}\u00a0\u00bb][et_pb_row column_structure=\u00a0\u00bb1_3,1_3,1_3&Prime; _builder_version=\u00a0\u00bb4.24.3&Prime; _module_preset=\u00a0\u00bbdefault\u00a0\u00bb max_width=\u00a0\u00bb1000px\u00a0\u00bb custom_padding=\u00a0\u00bb2rem|1rem|2rem|1rem|true|true\u00a0\u00bb global_colors_info=\u00a0\u00bb{}\u00a0\u00bb][et_pb_column type=\u00a0\u00bb1_3&Prime; _builder_version=\u00a0\u00bb4.24.3&Prime; _module_preset=\u00a0\u00bbdefault\u00a0\u00bb link_option_url=\u00a0\u00bbhttps:\/\/shop.letrefle.ch\/categorie-produit\/cabas\/\u00a0\u00bb global_colors_info=\u00a0\u00bb{}\u00a0\u00bb][et_pb_blurb title=\u00a0\u00bbCabas\u00a0\u00bb image=\u00a0\u00bbhttps:\/\/shop.letrefle.ch\/wp-content\/uploads\/2020\/10\/legumes-icone.png\u00a0\u00bb image_icon_width=\u00a0\u00bb75px\u00a0\u00bb _builder_version=\u00a0\u00bb4.24.3&Prime; _module_preset=\u00a0\u00bbdefault\u00a0\u00bb background_color=\u00a0\u00bb#ffffff\u00a0\u00bb text_orientation=\u00a0\u00bbcenter\u00a0\u00bb custom_padding=\u00a0\u00bb20px|20px|20px|20px|true|true\u00a0\u00bb animation=\u00a0\u00bboff\u00a0\u00bb link_option_url=\u00a0\u00bbhttps:\/\/shop.letrefle.ch\/categorie\/cabas\/\u00a0\u00bb custom_css_main_element=\u00a0\u00bb  box-shadow: 0 10px 60px rgba(0, 0, 0, 0.10)||;\u00a0\u00bb border_radii=\u00a0\u00bbon|8px|8px|8px|8px\u00a0\u00bb image_max_width=\u00a0\u00bb75px\u00a0\u00bb global_colors_info=\u00a0\u00bb{}\u00a0\u00bb background_color__hover=\u00a0\u00bb#ebf3fc\u00a0\u00bb background__hover_enabled=\u00a0\u00bboff|hover\u00a0\u00bb background_enable_color__hover=\u00a0\u00bbon\u00a0\u00bb transform_styles__hover_enabled=\u00a0\u00bbon|hover\u00a0\u00bb transform_scale__hover_enabled=\u00a0\u00bbon|hover\u00a0\u00bb transform_translate__hover_enabled=\u00a0\u00bbon|desktop\u00a0\u00bb transform_rotate__hover_enabled=\u00a0\u00bbon|desktop\u00a0\u00bb transform_skew__hover_enabled=\u00a0\u00bbon|desktop\u00a0\u00bb transform_origin__hover_enabled=\u00a0\u00bbon|desktop\u00a0\u00bb transform_scale__hover=\u00a0\u00bb105%|105%\u00a0\u00bb]<\/p>\n<p>Assortiment de l\u00e9gumes BIO de saison<\/p>\n<p>[\/et_pb_blurb][et_pb_blurb title=\u00a0\u00bbHuiles\u00a0\u00bb image=\u00a0\u00bbhttps:\/\/shop.letrefle.ch\/wp-content\/uploads\/2020\/10\/huiles-icone.png\u00a0\u00bb alt=\u00a0\u00bbHuiles\u00a0\u00bb image_icon_width=\u00a0\u00bb75px\u00a0\u00bb _builder_version=\u00a0\u00bb4.24.3&Prime; _module_preset=\u00a0\u00bbdefault\u00a0\u00bb background_color=\u00a0\u00bb#ffffff\u00a0\u00bb text_orientation=\u00a0\u00bbcenter\u00a0\u00bb custom_padding=\u00a0\u00bb20px|20px|20px|20px|true|true\u00a0\u00bb animation=\u00a0\u00bboff\u00a0\u00bb link_option_url=\u00a0\u00bbhttps:\/\/shop.letrefle.ch\/categorie\/huiles\/\u00a0\u00bb custom_css_main_element=\u00a0\u00bb  box-shadow: 0 10px 60px rgba(0, 0, 0, 0.10)||;\u00a0\u00bb border_radii=\u00a0\u00bbon|8px|8px|8px|8px\u00a0\u00bb image_max_width=\u00a0\u00bb75px\u00a0\u00bb global_colors_info=\u00a0\u00bb{}\u00a0\u00bb background_color__hover=\u00a0\u00bb#ebf3fc\u00a0\u00bb background_enable_color__hover=\u00a0\u00bbon\u00a0\u00bb background__hover_enabled=\u00a0\u00bboff|hover\u00a0\u00bb transform_styles__hover_enabled=\u00a0\u00bbon|desktop\u00a0\u00bb transform_scale__hover_enabled=\u00a0\u00bbon|desktop\u00a0\u00bb transform_translate__hover_enabled=\u00a0\u00bbon|desktop\u00a0\u00bb transform_rotate__hover_enabled=\u00a0\u00bbon|desktop\u00a0\u00bb transform_skew__hover_enabled=\u00a0\u00bbon|desktop\u00a0\u00bb transform_origin__hover_enabled=\u00a0\u00bbon|desktop\u00a0\u00bb transform_scale__hover=\u00a0\u00bb105%|105%\u00a0\u00bb]<\/p>\n<p>Huiles BIO en bouteilles<\/p>\n<p>[\/et_pb_blurb][\/et_pb_column][et_pb_column type=\u00a0\u00bb1_3&Prime; _builder_version=\u00a0\u00bb4.16&Prime; _module_preset=\u00a0\u00bbdefault\u00a0\u00bb link_option_url=\u00a0\u00bbhttps:\/\/shop.letrefle.ch\/categorie-produit\/fruits\/\u00a0\u00bb global_colors_info=\u00a0\u00bb{}\u00a0\u00bb][et_pb_blurb title=\u00a0\u00bbFruits\u00a0\u00bb image=\u00a0\u00bbhttps:\/\/shop.letrefle.ch\/wp-content\/uploads\/2020\/10\/fruits-icone.png\u00a0\u00bb alt=\u00a0\u00bbFruits\u00a0\u00bb image_icon_width=\u00a0\u00bb75px\u00a0\u00bb _builder_version=\u00a0\u00bb4.24.3&Prime; _module_preset=\u00a0\u00bbdefault\u00a0\u00bb background_color=\u00a0\u00bb#ffffff\u00a0\u00bb text_orientation=\u00a0\u00bbcenter\u00a0\u00bb custom_padding=\u00a0\u00bb20px|20px|20px|20px|true|true\u00a0\u00bb animation=\u00a0\u00bboff\u00a0\u00bb link_option_url=\u00a0\u00bbhttps:\/\/shop.letrefle.ch\/categorie\/fruits\/\u00a0\u00bb custom_css_main_element=\u00a0\u00bb  box-shadow: 0 10px 60px rgba(0, 0, 0, 0.10)||;\u00a0\u00bb border_radii=\u00a0\u00bbon|8px|8px|8px|8px\u00a0\u00bb image_max_width=\u00a0\u00bb75px\u00a0\u00bb global_colors_info=\u00a0\u00bb{}\u00a0\u00bb background_color__hover=\u00a0\u00bb#ebf3fc\u00a0\u00bb background_enable_color__hover=\u00a0\u00bbon\u00a0\u00bb background__hover_enabled=\u00a0\u00bboff|hover\u00a0\u00bb transform_styles__hover_enabled=\u00a0\u00bbon|hover\u00a0\u00bb transform_scale__hover_enabled=\u00a0\u00bbon|hover\u00a0\u00bb transform_translate__hover_enabled=\u00a0\u00bbon|desktop\u00a0\u00bb transform_rotate__hover_enabled=\u00a0\u00bbon|desktop\u00a0\u00bb transform_skew__hover_enabled=\u00a0\u00bbon|desktop\u00a0\u00bb transform_origin__hover_enabled=\u00a0\u00bbon|desktop\u00a0\u00bb transform_scale__hover=\u00a0\u00bb105%|105%\u00a0\u00bb]<\/p>\n<p>Vari\u00e9t\u00e9s de fruits BIO de saison<\/p>\n<p>[\/et_pb_blurb][et_pb_blurb title=\u00a0\u00bbDivers\u00a0\u00bb image=\u00a0\u00bbhttps:\/\/shop.letrefle.ch\/wp-content\/uploads\/2020\/10\/farines-icone.png\u00a0\u00bb alt=\u00a0\u00bbFarines\u00a0\u00bb image_icon_width=\u00a0\u00bb75px\u00a0\u00bb _builder_version=\u00a0\u00bb4.24.3&Prime; _module_preset=\u00a0\u00bbdefault\u00a0\u00bb background_color=\u00a0\u00bb#ffffff\u00a0\u00bb text_orientation=\u00a0\u00bbcenter\u00a0\u00bb custom_padding=\u00a0\u00bb20px|20px|20px|20px|true|true\u00a0\u00bb animation=\u00a0\u00bboff\u00a0\u00bb link_option_url=\u00a0\u00bbhttps:\/\/shop.letrefle.ch\/categorie\/divers\/\u00a0\u00bb custom_css_main_element=\u00a0\u00bb  box-shadow: 0 10px 60px rgba(0, 0, 0, 0.10)||;\u00a0\u00bb border_radii=\u00a0\u00bbon|8px|8px|8px|8px\u00a0\u00bb image_max_width=\u00a0\u00bb75px\u00a0\u00bb global_colors_info=\u00a0\u00bb{}\u00a0\u00bb background_color__hover=\u00a0\u00bb#ebf3fc\u00a0\u00bb background_enable_color__hover=\u00a0\u00bbon\u00a0\u00bb transform_styles__hover_enabled=\u00a0\u00bbon|hover\u00a0\u00bb transform_scale__hover=\u00a0\u00bb105%|105%\u00a0\u00bb transform_scale__hover_enabled=\u00a0\u00bbon|hover\u00a0\u00bb transform_translate__hover_enabled=\u00a0\u00bbon|desktop\u00a0\u00bb transform_rotate__hover_enabled=\u00a0\u00bbon|desktop\u00a0\u00bb transform_skew__hover_enabled=\u00a0\u00bbon|desktop\u00a0\u00bb transform_origin__hover_enabled=\u00a0\u00bbon|desktop\u00a0\u00bb background__hover_enabled=\u00a0\u00bboff|hover\u00a0\u00bb]<\/p>\n<p>Farines, L\u00e9gumineuses, Oeufs, Miels<\/p>\n<p>[\/et_pb_blurb][\/et_pb_column][et_pb_column type=\u00a0\u00bb1_3&Prime; _builder_version=\u00a0\u00bb4.16&Prime; _module_preset=\u00a0\u00bbdefault\u00a0\u00bb link_option_url=\u00a0\u00bbhttps:\/\/shop.letrefle.ch\/categorie-produit\/jus-de-fruits\/\u00a0\u00bb global_colors_info=\u00a0\u00bb{}\u00a0\u00bb][et_pb_blurb title=\u00a0\u00bbJus de fruits\u00a0\u00bb image=\u00a0\u00bbhttps:\/\/shop.letrefle.ch\/wp-content\/uploads\/2020\/10\/jus-icone.png\u00a0\u00bb image_icon_width=\u00a0\u00bb75px\u00a0\u00bb _builder_version=\u00a0\u00bb4.24.3&Prime; _module_preset=\u00a0\u00bbdefault\u00a0\u00bb background_color=\u00a0\u00bb#ffffff\u00a0\u00bb text_orientation=\u00a0\u00bbcenter\u00a0\u00bb custom_padding=\u00a0\u00bb20px|20px|20px|20px|true|true\u00a0\u00bb animation=\u00a0\u00bboff\u00a0\u00bb link_option_url=\u00a0\u00bbhttps:\/\/shop.letrefle.ch\/categorie\/jus-de-fruits\/\u00a0\u00bb custom_css_main_element=\u00a0\u00bb  box-shadow: 0 10px 60px rgba(0, 0, 0, 0.10)||;\u00a0\u00bb border_radii=\u00a0\u00bbon|8px|8px|8px|8px\u00a0\u00bb image_max_width=\u00a0\u00bb75px\u00a0\u00bb global_colors_info=\u00a0\u00bb{}\u00a0\u00bb background_color__hover=\u00a0\u00bb#ebf3fc\u00a0\u00bb background_enable_color__hover=\u00a0\u00bbon\u00a0\u00bb background__hover_enabled=\u00a0\u00bboff|hover\u00a0\u00bb transform_styles__hover_enabled=\u00a0\u00bbon|hover\u00a0\u00bb transform_scale__hover_enabled=\u00a0\u00bbon|hover\u00a0\u00bb transform_translate__hover_enabled=\u00a0\u00bbon|desktop\u00a0\u00bb transform_rotate__hover_enabled=\u00a0\u00bbon|desktop\u00a0\u00bb transform_skew__hover_enabled=\u00a0\u00bbon|desktop\u00a0\u00bb transform_origin__hover_enabled=\u00a0\u00bbon|desktop\u00a0\u00bb transform_scale__hover=\u00a0\u00bb105%|105%\u00a0\u00bb]<\/p>\n<p>Jus de fruits BIO et naturels<\/p>\n<p>[\/et_pb_blurb][et_pb_blurb title=\u00a0\u00bbRecettes\u00a0\u00bb image=\u00a0\u00bbhttps:\/\/shop.letrefle.ch\/wp-content\/uploads\/2020\/10\/recettes-icone.png\u00a0\u00bb alt=\u00a0\u00bbRecettes\u00a0\u00bb image_icon_width=\u00a0\u00bb75px\u00a0\u00bb _builder_version=\u00a0\u00bb4.24.3&Prime; _module_preset=\u00a0\u00bbdefault\u00a0\u00bb background_color=\u00a0\u00bb#ffffff\u00a0\u00bb text_orientation=\u00a0\u00bbcenter\u00a0\u00bb custom_padding=\u00a0\u00bb20px|20px|20px|20px|true|true\u00a0\u00bb animation=\u00a0\u00bboff\u00a0\u00bb link_option_url=\u00a0\u00bbhttps:\/\/shop.letrefle.ch\/recettes\/\u00a0\u00bb custom_css_main_element=\u00a0\u00bb  box-shadow: 0 10px 60px rgba(0, 0, 0, 0.10)||;\u00a0\u00bb border_radii=\u00a0\u00bbon|8px|8px|8px|8px\u00a0\u00bb image_max_width=\u00a0\u00bb75px\u00a0\u00bb global_colors_info=\u00a0\u00bb{}\u00a0\u00bb background_color__hover=\u00a0\u00bb#ebf3fc\u00a0\u00bb background_enable_color__hover=\u00a0\u00bbon\u00a0\u00bb background__hover_enabled=\u00a0\u00bboff|hover\u00a0\u00bb transform_styles__hover_enabled=\u00a0\u00bbon|hover\u00a0\u00bb transform_scale__hover_enabled=\u00a0\u00bbon|hover\u00a0\u00bb transform_translate__hover_enabled=\u00a0\u00bbon|desktop\u00a0\u00bb transform_rotate__hover_enabled=\u00a0\u00bbon|desktop\u00a0\u00bb transform_skew__hover_enabled=\u00a0\u00bbon|desktop\u00a0\u00bb transform_origin__hover_enabled=\u00a0\u00bbon|desktop\u00a0\u00bb transform_scale__hover=\u00a0\u00bb105%|105%\u00a0\u00bb]<\/p>\n<p>Id\u00e9es gourmandes<\/p>\n<p>[\/et_pb_blurb][\/et_pb_column][\/et_pb_row][\/et_pb_section]<\/p>\n","protected":false},"excerpt":{"rendered":"<p>BienvenueSoutenir l&rsquo;agriculture durable \u00catre proche des producteurs locaux Promouvoir les produits de saison Limiter le gaspillage alimentaireNous vous proposons chaque semaine des cabas compos\u00e9s d&rsquo;une s\u00e9lection de l\u00e9gumes BIO de saison Non contractuel Sans engagementL\u00e9gumes de saison BIO Fruits de saison\u00a0BIO Farines, Huiles, Oeufs, Miels\u00a0BIO\u00ab Mais si, aujourd\u2019hui comme alors, une minorit\u00e9 active se dresse, [&hellip;]<\/p>\n","protected":false},"author":2,"featured_media":0,"parent":0,"menu_order":0,"comment_status":"closed","ping_status":"closed","template":"","meta":{"_et_pb_use_builder":"on","_et_pb_old_content":"","_et_gb_content_width":"","footnotes":""},"yoast_head":"<!-- This site is optimized with the Yoast SEO plugin v23.5 - https:\/\/yoast.com\/wordpress\/plugins\/seo\/ -->\n<title>Accueil - la boutique en ligne de l&#039;association Le Tr\u00e8fle<\/title>\n<meta name=\"description\" content=\"Boutique en ligne de l&#039;association Le Tr\u00e8fle, lien direct avec les agriculteurs. Produits bio, locaux et de saison pour une consommation responsable.\" \/>\n<meta name=\"robots\" content=\"index, follow, max-snippet:-1, max-image-preview:large, max-video-preview:-1\" \/>\n<link rel=\"canonical\" href=\"https:\/\/shop.letrefle.ch\/en\/\" \/>\n<meta property=\"og:locale\" content=\"en_US\" \/>\n<meta property=\"og:type\" content=\"article\" \/>\n<meta property=\"og:title\" content=\"Accueil - la boutique en ligne de l&#039;association Le Tr\u00e8fle\" \/>\n<meta property=\"og:description\" content=\"Boutique en ligne de l&#039;association Le Tr\u00e8fle, lien direct avec les agriculteurs. Produits bio, locaux et de saison pour une consommation responsable.\" \/>\n<meta property=\"og:url\" content=\"https:\/\/shop.letrefle.ch\/en\/\" \/>\n<meta property=\"og:site_name\" content=\"la boutique en ligne de l&#039;association Le Tr\u00e8fle\" \/>\n<meta property=\"article:modified_time\" content=\"2024-04-26T14:17:12+00:00\" \/>\n<meta name=\"twitter:card\" content=\"summary_large_image\" \/>\n<meta name=\"twitter:label1\" content=\"Est. reading time\" \/>\n\t<meta name=\"twitter:data1\" content=\"3 minutes\" \/>\n<script type=\"application\/ld+json\" class=\"yoast-schema-graph\">{\"@context\":\"https:\/\/schema.org\",\"@graph\":[{\"@type\":\"WebPage\",\"@id\":\"https:\/\/shop.letrefle.ch\/en\/\",\"url\":\"https:\/\/shop.letrefle.ch\/en\/\",\"name\":\"Accueil - la boutique en ligne de l&#039;association Le Tr\u00e8fle\",\"isPartOf\":{\"@id\":\"https:\/\/shop.letrefle.ch\/#website\"},\"datePublished\":\"2020-09-22T15:06:59+00:00\",\"dateModified\":\"2024-04-26T14:17:12+00:00\",\"description\":\"Boutique en ligne de l'association Le Tr\u00e8fle, lien direct avec les agriculteurs. Produits bio, locaux et de saison pour une consommation responsable.\",\"breadcrumb\":{\"@id\":\"https:\/\/shop.letrefle.ch\/en\/#breadcrumb\"},\"inLanguage\":\"en-US\",\"potentialAction\":[{\"@type\":\"ReadAction\",\"target\":[\"https:\/\/shop.letrefle.ch\/en\/\"]}]},{\"@type\":\"BreadcrumbList\",\"@id\":\"https:\/\/shop.letrefle.ch\/en\/#breadcrumb\",\"itemListElement\":[{\"@type\":\"ListItem\",\"position\":1,\"name\":\"Home\",\"item\":\"https:\/\/shop.letrefle.ch\/en\/\"},{\"@type\":\"ListItem\",\"position\":2,\"name\":\"Accueil\"}]},{\"@type\":\"WebSite\",\"@id\":\"https:\/\/shop.letrefle.ch\/#website\",\"url\":\"https:\/\/shop.letrefle.ch\/\",\"name\":\"la boutique en ligne de l'association Le Tr\u00e8fle\",\"description\":\"Le lien entre les agriculteurs et vous\",\"publisher\":{\"@id\":\"https:\/\/shop.letrefle.ch\/#organization\"},\"potentialAction\":[{\"@type\":\"SearchAction\",\"target\":{\"@type\":\"EntryPoint\",\"urlTemplate\":\"https:\/\/shop.letrefle.ch\/?s={search_term_string}\"},\"query-input\":{\"@type\":\"PropertyValueSpecification\",\"valueRequired\":true,\"valueName\":\"search_term_string\"}}],\"inLanguage\":\"en-US\"},{\"@type\":\"Organization\",\"@id\":\"https:\/\/shop.letrefle.ch\/#organization\",\"name\":\"Association Le Tr\u00e8fle\",\"url\":\"https:\/\/shop.letrefle.ch\/\",\"logo\":{\"@type\":\"ImageObject\",\"inLanguage\":\"en-US\",\"@id\":\"https:\/\/shop.letrefle.ch\/#\/schema\/logo\/image\/\",\"url\":\"https:\/\/i0.wp.com\/shop.letrefle.ch\/wp-content\/uploads\/2020\/10\/logo-letrefle-color.png?fit=512%2C512&ssl=1\",\"contentUrl\":\"https:\/\/i0.wp.com\/shop.letrefle.ch\/wp-content\/uploads\/2020\/10\/logo-letrefle-color.png?fit=512%2C512&ssl=1\",\"width\":512,\"height\":512,\"caption\":\"Association Le Tr\u00e8fle\"},\"image\":{\"@id\":\"https:\/\/shop.letrefle.ch\/#\/schema\/logo\/image\/\"}}]}<\/script>\n<!-- \/ Yoast SEO plugin. -->","yoast_head_json":{"title":"Accueil - la boutique en ligne de l&#039;association Le Tr\u00e8fle","description":"Boutique en ligne de l'association Le Tr\u00e8fle, lien direct avec les agriculteurs. Produits bio, locaux et de saison pour une consommation responsable.","robots":{"index":"index","follow":"follow","max-snippet":"max-snippet:-1","max-image-preview":"max-image-preview:large","max-video-preview":"max-video-preview:-1"},"canonical":"https:\/\/shop.letrefle.ch\/en\/","og_locale":"en_US","og_type":"article","og_title":"Accueil - la boutique en ligne de l&#039;association Le Tr\u00e8fle","og_description":"Boutique en ligne de l'association Le Tr\u00e8fle, lien direct avec les agriculteurs. Produits bio, locaux et de saison pour une consommation responsable.","og_url":"https:\/\/shop.letrefle.ch\/en\/","og_site_name":"la boutique en ligne de l&#039;association Le Tr\u00e8fle","article_modified_time":"2024-04-26T14:17:12+00:00","twitter_card":"summary_large_image","twitter_misc":{"Est. reading time":"3 minutes"},"schema":{"@context":"https:\/\/schema.org","@graph":[{"@type":"WebPage","@id":"https:\/\/shop.letrefle.ch\/en\/","url":"https:\/\/shop.letrefle.ch\/en\/","name":"Accueil - la boutique en ligne de l&#039;association Le Tr\u00e8fle","isPartOf":{"@id":"https:\/\/shop.letrefle.ch\/#website"},"datePublished":"2020-09-22T15:06:59+00:00","dateModified":"2024-04-26T14:17:12+00:00","description":"Boutique en ligne de l'association Le Tr\u00e8fle, lien direct avec les agriculteurs. Produits bio, locaux et de saison pour une consommation responsable.","breadcrumb":{"@id":"https:\/\/shop.letrefle.ch\/en\/#breadcrumb"},"inLanguage":"en-US","potentialAction":[{"@type":"ReadAction","target":["https:\/\/shop.letrefle.ch\/en\/"]}]},{"@type":"BreadcrumbList","@id":"https:\/\/shop.letrefle.ch\/en\/#breadcrumb","itemListElement":[{"@type":"ListItem","position":1,"name":"Home","item":"https:\/\/shop.letrefle.ch\/en\/"},{"@type":"ListItem","position":2,"name":"Accueil"}]},{"@type":"WebSite","@id":"https:\/\/shop.letrefle.ch\/#website","url":"https:\/\/shop.letrefle.ch\/","name":"la boutique en ligne de l'association Le Tr\u00e8fle","description":"Le lien entre les agriculteurs et vous","publisher":{"@id":"https:\/\/shop.letrefle.ch\/#organization"},"potentialAction":[{"@type":"SearchAction","target":{"@type":"EntryPoint","urlTemplate":"https:\/\/shop.letrefle.ch\/?s={search_term_string}"},"query-input":{"@type":"PropertyValueSpecification","valueRequired":true,"valueName":"search_term_string"}}],"inLanguage":"en-US"},{"@type":"Organization","@id":"https:\/\/shop.letrefle.ch\/#organization","name":"Association Le Tr\u00e8fle","url":"https:\/\/shop.letrefle.ch\/","logo":{"@type":"ImageObject","inLanguage":"en-US","@id":"https:\/\/shop.letrefle.ch\/#\/schema\/logo\/image\/","url":"https:\/\/i0.wp.com\/shop.letrefle.ch\/wp-content\/uploads\/2020\/10\/logo-letrefle-color.png?fit=512%2C512&ssl=1","contentUrl":"https:\/\/i0.wp.com\/shop.letrefle.ch\/wp-content\/uploads\/2020\/10\/logo-letrefle-color.png?fit=512%2C512&ssl=1","width":512,"height":512,"caption":"Association Le Tr\u00e8fle"},"image":{"@id":"https:\/\/shop.letrefle.ch\/#\/schema\/logo\/image\/"}}]}},"_links":{"self":[{"href":"https:\/\/shop.letrefle.ch\/en\/wp-json\/wp\/v2\/pages\/32352"}],"collection":[{"href":"https:\/\/shop.letrefle.ch\/en\/wp-json\/wp\/v2\/pages"}],"about":[{"href":"https:\/\/shop.letrefle.ch\/en\/wp-json\/wp\/v2\/types\/page"}],"author":[{"embeddable":true,"href":"https:\/\/shop.letrefle.ch\/en\/wp-json\/wp\/v2\/users\/2"}],"replies":[{"embeddable":true,"href":"https:\/\/shop.letrefle.ch\/en\/wp-json\/wp\/v2\/comments?post=32352"}],"version-history":[{"count":23,"href":"https:\/\/shop.letrefle.ch\/en\/wp-json\/wp\/v2\/pages\/32352\/revisions"}],"predecessor-version":[{"id":36555,"href":"https:\/\/shop.letrefle.ch\/en\/wp-json\/wp\/v2\/pages\/32352\/revisions\/36555"}],"wp:attachment":[{"href":"https:\/\/shop.letrefle.ch\/en\/wp-json\/wp\/v2\/media?parent=32352"}],"curies":[{"name":"wp","href":"https:\/\/api.w.org\/{rel}","templated":true}]}}